{"id":18,"date":"2018-07-16T17:18:40","date_gmt":"2018-07-16T17:18:40","guid":{"rendered":"https:\/\/rechtsanwaltfriedrich.apps-1and1.net\/mesmerize"},"modified":"2022-11-22T08:20:40","modified_gmt":"2022-11-22T08:20:40","slug":"mesmerize","status":"publish","type":"page","link":"https:\/\/ra-gerdfriedrich.de\/","title":{"rendered":"Startseite"},"content":{"rendered":"<div  class=\"overlappable-4 content-section content-section-spacing\" id=\"overlappable-4\" style=\"background-color: #ffffff;\" data-overlap=\"true\" data-id=\"overlappable-4\" data-category=\"overlappable\" data-export-id=\"overlappable-4\" data-label=\"Overlappable\">\n<div  class=\"gridContainer\">\n<div  class=\"row spaced-cols text-center\" data-type=\"row\">\n<div  class=\"col-xs-12 col-sm-4 col-padding\">\n\n<i  class=\"fa icon shadow-large-black aligncenter color1 fa-user reverse round big\"> <\/i>\n<div  data-type=\"column\" class=\"\">\n<h5  class=\"\">WIR SIND F\u00dcR SIE DA!<\/h5>\n&nbsp;\n\n.\n\n<p  class=\"\">Telefon:&nbsp; 09161 \u2013 88 25 60<\/p><p  class=\"\">Ihr Anliegen steht bei uns im Mittelpunkt. Fachgerechte Beratung\nund umfassende Betreuung sind selbstverst\u00e4ndlich \u2013 derzeit<br >&nbsp;vorwiegend \u00fcber telefonischen Kontakt\n<\/p>\n<\/div>\n<\/div><div  class=\"col-xs-12 col-sm-4 col-padding\">\n<div  data-type=\"column\" class=\"\"><\/div>\n<\/div>\n\n<div  class=\"col-xs-12 col-sm-4 col-padding\">\n\n<i  class=\"fa icon shadow-large-black aligncenter color1 fa-address-book-o reverse round big\"> <\/i>\n<div  data-type=\"column\" class=\"\">\n<h5  class=\"\">KONTAKTIEREN SIE UNS<\/h5>\n&nbsp;\n\n<p  class=\"\">\n<\/p><p  class=\"\">Scheuen Sie sich nicht, Kontakt mit uns aufzunehmen. Wir stehen\nIhnen gerne zur Verf\u00fcgung.<\/p>\n<\/div>\n<\/div>\n<\/div>\n<\/div>\n<\/div><div  class=\"portfolio-5 content-section content-section-spacing\" id=\"portfolio-1\" style=\"background-color: #f5fafd;\" data-id=\"portfolio--1\" data-category=\"portfolio\" data-export-id=\"portfolio-5\" data-label=\"Portfolio\">\n<div >\n<div  class=\"row text-center\">\n<div  class=\"section-title-col\" data-type=\"column\"><\/div>\n<\/div>\n<div  class=\"row space-bottom spaced-cols\" data-type=\"row\">\n<div  class=\"col-xs-12 col-sm-4 text-center col-md-12 \">\n<div  class=\"card no-padding bordered\">\n<div  class=\"contentswap-effect\" data-hover-fx=\"portfolio-6\">\n<div  class=\"initial-image\"><img decoding=\"async\"  class=\"lazy-loaded\" src=\"https:\/\/ra-gerdfriedrich.de\/wp-content\/uploads\/2018\/07\/cropped-book-bookcase-books-1166657-1.jpg\" data-lazy-type=\"image\" data-src=\"https:\/\/ra-gerdfriedrich.de\/wp-content\/uploads\/2018\/07\/cropped-book-bookcase-books-1166657-1.jpg\" data-size=\"500x500\"><\/div>\n<div  class=\"overlay bg-color6\"><\/div>\n<div  class=\"swap-inner col-xs-12\">\n<div  class=\"row full-height-row middle-xs middle-sm\">\n<div  class=\"col-xs-12 text-center content-holder\"><a class=\"button small color2\" href=\"#rechtsgebiete\" target=\"_self\" data-cp-link=\"1\" rel=\"noopener noreferrer\">Mehr\u2026<\/a><\/div>\n<\/div>\n<\/div>\n<\/div>\n<div  class=\"col-xs-12\">\n<div  class=\"space-bottom space-top\" data-type=\"column\"><\/div>\n<\/div>\n<\/div>\n<\/div>\n<\/div>\n<div  class=\"row\">\n<div  class=\"col-xs-12 text-center\" data-type=\"column\"><\/div>\n<\/div>\n<\/div>\n<\/div><div  class=\"features-12-card-bordered content-section content-section-spacing \" id=\"rechtsgebiete\" style=\"background-color: #ffffff; background-image: none;\" data-id=\"features--1\" data-category=\"features\" data-export-id=\"features-12-card-bordered\" data-label=\"Rechtsgebiete\">\n<div  class=\"gridContainer\">\n<div  class=\"row text-center\">\n<div  class=\"section-title-col\" data-type=\"column\">\n<h2  class=\"\">Rechtsgebiete<\/h2>\n<p  class=\"lead\">Wir helfen Ihnen in folgenden Gebieten:<\/p>\n\n<\/div>\n<\/div>\n<div  class=\"row spaced-cols start-sm\" data-type=\"row\">\n<div  class=\"col-sm-6\">\n<div  class=\"card row-card bordered y-move\">\n<div  class=\"row\">\n<div  class=\"col-sm-fit icon-column\"><i  class=\"fa icon color2 fa-address-book bordered round\"><\/i><\/div>\n<div  class=\"col-sm\" data-type=\"column\">\n<h5  class=\"color2\">ERBRECHT<\/h5>\n&nbsp;\n\n<p  class=\"\">\n<\/p><p  class=\"\">Testamentserrichtung, Pflichtteilsrecht, Auseinandersetzung der\nErbengemeinschaft, Verm\u00e4chtnis, Ehegattentestament, Vor- und\nNacherbschaft, Bewertung von Nachlassgegenst\u00e4nden, steuerliche\nAuswirkungen der Erbschaft \u2013 wir helfen Ihnen mit fundiertem\nFachwissen.<\/p>\n<\/div>\n<\/div>\n<\/div>\n<\/div>\n<div  class=\"col-sm-6\">\n<div  class=\"card row-card bordered y-move\">\n<div  class=\"row\">\n<div  class=\"col-sm-fit icon-column\"><i  class=\"fa icon color2 fa-group bordered round\"><\/i><\/div>\n<div  class=\"col-sm\" data-type=\"column\">\n<h5  class=\"color2\">FAMILIENRECHT<\/h5>\n&nbsp;\n\n<p  class=\"\">\n<\/p><p  class=\"\">Scheidung, Unterhalt, Sorge-und Umgangsrecht, Zugewinnausgleich,\nVerm\u00f6gensauseinandersetzung, Namensrecht.<\/p>\n<p  class=\"\">\u2013 Familienrecht ist Vertrauenssache! \u2013<\/p>\n<\/div>\n<\/div>\n<\/div>\n<\/div>\n<div  class=\"col-sm-6\">\n<div  class=\"card row-card bordered y-move\">\n<div  class=\"row\">\n<div  class=\"col-sm-fit icon-column\"><i  class=\"fa icon color2 fa-gears bordered round\"><\/i><\/div>\n<div  class=\"col-sm\" data-type=\"column\">\n<h5  class=\"color2\">ARBEITSRECHT<\/h5>\n&nbsp;\n\n<p  class=\"\">\n<\/p><p  class=\"\">Gestaltung von Arbeitsvertr\u00e4gen, Betriebsvereinbarungen,\nAnwendung von Tarifvertr\u00e4gen, Anspr\u00fcche auf Urlaubs- und\nWeihnachtsgeld, K\u00fcndigungen, n\u00f6tigenfalls die Vertretung vor dem\nArbeitsgericht.<\/p>\n<\/div>\n<\/div>\n<\/div>\n<\/div>\n<div  class=\"col-sm-6\">\n<div  class=\"card row-card bordered y-move\">\n<div  class=\"row\">\n<div  class=\"col-sm-fit icon-column\"><i  class=\"fa icon fa-database round bordered color2\"><\/i><\/div>\n<div  class=\"col-sm\" data-type=\"column\">\n<h5  class=\"color2\">FORDERUNGSEINZUG<\/h5>\n&nbsp;\n\n<p  class=\"\">\n<\/p><p  class=\"\">Au\u00dfergerichtliche Geltendmachung von Forderungen, Mahnungen,\nn\u00f6tigenfalls Mahnverfahren und Klage, sowie erforderlichenfalls die\nBeitreibung im Rahmen der Zwangsvollstreckung bis hin zur Abgabe der\nVerm\u00f6gensauskunft \u2013 damit Sie zu ihrem Geld kommen.<\/p>\n<\/div>\n<\/div>\n<\/div>\n<\/div>\n<div  class=\"col-sm-6\">\n<div  class=\"card row-card bordered y-move\">\n<div  class=\"row\">\n<div  class=\"col-sm-fit icon-column\"><i  class=\"fa icon color2 fa-automobile bordered round\"><\/i><\/div>\n<div  class=\"col-sm\" data-type=\"column\">\n<h5  class=\"color2\">VERKEHRSRECHT<\/h5>\n&nbsp;\n\n<p  class=\"\">\n<\/p><p  class=\"\">Unfallschadenregulierung,&nbsp; Durchsetzung von\nSchmerzensgeldanspr\u00fcchen, Vorgehen gegen Bu\u00dfgeldbescheid,\nVertretung in Verkehrsstrafverfahren, Hilfe bei F\u00fchrerscheinentzug\nund Fahrverbot.<\/p>\n<\/div>\n<\/div>\n<\/div>\n<\/div>\n<div  class=\"col-sm-6\">\n<div  class=\"card row-card bordered y-move\">\n<div  class=\"row\">\n<div  class=\"col-sm-fit icon-column\"><i  class=\"fa icon color2 fa-handshake-o bordered round\"><\/i><\/div>\n<div  class=\"col-sm\" data-type=\"column\">\n<h5  class=\"color2\">BETREUUNGSRECHT<\/h5>\n&nbsp;\n\n<p  class=\"\">\n<\/p><p  class=\"\">Betreuung in Verm\u00f6gensangelegenheiten, Gesundheitsfragen,\nVertretung gegen\u00fcber Beh\u00f6rden und Sozialleistungstr\u00e4gern. Wenn Sie\nnicht mehr selbst handeln k\u00f6nnen, ben\u00f6tigen Sie einen zuverl\u00e4ssigen\nPartner.<\/p>\n<\/div>\n<\/div>\n<\/div>\n<\/div>\n<div  class=\"col-sm-6\">\n<div  class=\"card row-card bordered y-move\">\n<div  class=\"row\">\n<div  class=\"col-sm-fit icon-column\"><i  class=\"fa icon fa-connectdevelop round bordered color2\"><\/i><\/div>\n<div  class=\"col-sm\" data-type=\"column\">\n<h5  class=\"color2\">ZIVILRECHT<\/h5>\n&nbsp;\n\n<p  class=\"\">\n<\/p><p  class=\"\">Mietrecht: Mietvertrag, K\u00fcndigung, R\u00e4umungsverfahren,\nNebenkosten, Kaution<\/p>\n<p  class=\"\">Kaufrecht: Kaufpreis, Minderung, Schadensersatz, Gew\u00e4hrleistung,\nR\u00fccktritt<\/p>\n<p  class=\"\">Werk-, Dienstvertrag: Gew\u00e4hrleistung, Nacherf\u00fcllung,\nSchadensersatz.<\/p>\n<\/div>\n<\/div>\n<\/div>\n<\/div>\n<div  class=\"col-sm-6\">\n<div  class=\"card row-card bordered y-move\">\n<div  class=\"row\">\n<div  class=\"col-sm-fit icon-column\"><i  class=\"fa icon color2 fa-frown-o bordered round\"><\/i><\/div>\n<div  class=\"col-sm\" data-type=\"column\">\n<h5  class=\"color2\">STRAFRECHT<\/h5>\n&nbsp;\n\n&nbsp;\n\n<p  class=\"\">\n<\/p><p  class=\"\">Vertretung in Ermittlungsverfahren, Einspruch gegen Strafbefehl,\nVerteidigung vor Gericht und ggf. Einlegung von Berufung oder\nRevision.<\/p>\n<\/div>\n<\/div>\n<\/div>\n<\/div>\n<\/div>\n<\/div>\n<\/div><div  class=\"contact-1 content-section content-section-spacing white-text\" id=\"kontakt\" style=\"background-color: #ffffff; background-image: url('https:\/\/ra-gerdfriedrich.de\/wp-content\/uploads\/2018\/08\/business-3152586_1920.jpg'); background-size: cover; background-position: center top;\" data-parallax-depth=\"20\" data-id=\"contact--1\" data-category=\"contact\" data-export-id=\"contact-1\" data-label=\"Kontakt\">\n<div  class=\"gridContainer\">\n<div  class=\"row text-center\">\n<div  class=\"section-title-col\" data-type=\"column\">\n<h2  class=\"\">Kontaktieren Sie uns<\/h2>\n<p  class=\"lead\">Nehmen Sie Kontakt mit uns auf. Wir helfen Ihnen gerne weiter!<\/p>\n\n<p  class=\"\">Telefon: 09161 \/ 88 25 60<\/p><\/div>\n<\/div>\n<div  class=\"row text-center\">\n<div  class=\"col-xs-12 col-sm-8 col-sm-offset-2 contact-form-wrapper inline-info\">\n<div  class=\"card large-padding\">\n<div  data-content-shortcode=\"mesmerize_contact_form shortcode=&quot;Telefon: 09161 \/ 88 25 60&quot;\" data-editable=\"true\">[Telefon: 09161 \/ 88 25 60]<\/div>\n<\/div>\n<\/div>\n<\/div>\n<\/div>\n<\/div><div  class=\"about-10 content-section content-section-spacing\" id=\"about-1\" style=\"background-color: #f5fafd; background-image: none;\" data-id=\"about--1\" data-category=\"about\" data-export-id=\"about-10\" data-label=\"About\">\n<div  class=\"gridContainer\">\n<div  class=\"row middle-sm text-center\">\n<div  class=\"col-sm-5 space-bottom-xs content-column\" data-type=\"column\">\n<h5  class=\"\">Kompetente rechtliche Beratung und Vertretung in Neustadt a.d. Aisch<\/h5>\n<h2  class=\"\">Rechtsanwalt\n<br >Gerd Friedrich<\/h2>\n&nbsp;\n\n&nbsp;\n\n<p  class=\"\">\n\n<\/p><p  class=\"\">Studium an der Friedrich-Alexander-Universit\u00e4t in Erlangen<br >1998\nbis 2002<\/p>\n<p  class=\"\">Referendariat am Oberlandesgericht in N\u00fcrnberg<br >2002 bis 2004<\/p>\n<p  class=\"\">Nebent\u00e4tigkeit als Rechtsreferendar in einer renommierten\nErlanger Anwaltskanzlei<br >2003 bis 2004<\/p>\n<p  class=\"\">Selbst\u00e4ndiger Rechtsanwalt in Neustadt a.d. Aisch<br >seit Februar\n2005<\/p>\n<p  class=\"\">zertifizierter Testamentsvollstrecker<br >seit 2018<\/p>\n<\/div>\n<div  class=\"col-sm-7 flexbox middle-xs center-xs\">\n<div  class=\"overlay-box middle-xs center-xs flexbox\">\n<div  class=\"overlay-box-offset shadow-medium border-color1 hide-xs offset-background\"><\/div>\n<img decoding=\"async\"  title=\"cropped-DSC_5377-e1534258277244-1.jpg\" class=\"lazy-hidden shadow-large lazy-loaded\" alt=\"\" src=\"\/\/ra-gerdfriedrich.de\/wp-content\/plugins\/a3-lazy-load\/assets\/images\/lazy_placeholder.gif\" data-lazy-type=\"image\" data-src=\"https:\/\/ra-gerdfriedrich.de\/wp-content\/uploads\/2018\/07\/cropped-DSC_5377-e1534258277244-1.jpg\" data-size=\"500x500\">\n\n<\/div>\n<\/div>\n<\/div>\n<\/div>\n<\/div><div  class=\"content-2 content-section content-section-spacing\" id=\"content-1\" style=\"background-color: #ffffff;\" data-id=\"content--1\" data-category=\"content\" data-export-id=\"content-2\" data-label=\"Content\">\n<div >\n<div  class=\"row middle-xs\">\n<div  class=\"col-sm-5 bg-image shadow-large-black\" style=\"background-image: url('https:\/\/ra-gerdfriedrich.de\/wp-content\/uploads\/2018\/08\/cropped-business-3152586_1920.jpg');\" data-bg=\"image\"><\/div>\n<div  class=\"col-sm-7 full-col-left-padding full-col-right-padding\">\n<div  class=\"row\">\n<div  class=\"space-bottom-small content-title-col\" data-type=\"column\">\n<h2  class=\"\">Unser B\u00fcro ist f\u00fcr Sie besetzt:<\/h2>\n<\/div>\n<\/div>\n<div  class=\"row spaced-cols \" data-type=\"row\">\n<div  class=\"col-xs-6\" data-type=\"column\">\n\n&nbsp;\n\n<p  class=\"\">\n<\/p><p  class=\"\">Montag bis Donnertag:<br >8:00 bis 12:00 Uhr und 13:00 bis 16:00\nUhr<\/p>\n<p  class=\"\">Freitag:<br >8:00 bis 12:00 Uhr<\/p>\n<\/div>\n<div  class=\"col-xs-6\" data-type=\"column\">\n<h3  class=\"\"><\/h3>\n<p  class=\"\">\n<\/p>\n<p  class=\"\">\n<br >Besprechungstermine nur nach Vereinbarung \u2013 erforderlichenfalls auch au\u00dferhalb der nebenstehend genannten Zeiten!<\/p><\/div>\n<\/div>\n<\/div>\n<\/div>\n<\/div>\n<\/div><div  class=\"content-3 content-section content-section-spacing\" id=\"content-2\" style=\"background-color: #f5fafd;\" data-id=\"content--2\" data-category=\"content\" data-export-id=\"content-3\" data-label=\"Content\">\n<div >\n<div  class=\"row middle-xs\">\n<div  class=\"col-sm-7 full-col-left-padding full-col-right-padding\">\n<div  class=\"row\">\n<div  class=\"space-bottom-small content-title-col\" data-type=\"column\">\n<h2  class=\"\">So finden Sie uns:<\/h2>\nRechtsanwaltskanzlei Friedrich\n\nLudwigstra\u00dfe 16\n\n91413Neustadt a.d. Aisch\n\n<\/div>\n<iframe  loading=\"lazy\" style=\"border: 0;\" src=\"https:\/\/www.google.com\/maps\/embed?pb=!1m18!1m12!1m3!1d2587.0038219127414!2d10.608231315785472!3d49.578816857663405!2m3!1f0!2f0!3f0!3m2!1i1024!2i768!4f13.1!3m3!1m2!1s0x47a20bce10a662fb%3A0x829a7433b7061e5a!2sLudwigstra%C3%9Fe+16%2C+91413+Neustadt+an+der+Aisch!5e0!3m2!1sde!2sde!4v1534428637138\" allowfullscreen=\"allowfullscreen\" data-src=\"https:\/\/www.google.com\/maps\/embed?pb=!1m18!1m12!1m3!1d2587.0038219127414!2d10.608231315785472!3d49.578816857663405!2m3!1f0!2f0!3f0!3m2!1i1024!2i768!4f13.1!3m3!1m2!1s0x47a20bce10a662fb%3A0x829a7433b7061e5a!2sLudwigstra%C3%9Fe+16%2C+91413+Neustadt+an+der+Aisch!5e0!3m2!1sde!2sde!4v1534428637138\" data-lazy-type=\"iframe\" class=\"lazy-loaded\" width=\"600\" height=\"450\" frameborder=\"0\"><\/iframe>\n\n<\/div>\n<div  class=\"row spaced-cols\" data-type=\"row\">\n<div  class=\"col-xs-6\" data-type=\"column\"><p  class=\"\">\n<\/p><p  class=\"\">\n<br >Parkpl\u00e4tze finden Sie<br >am Max-D\u00f6llner-Platz oder in der\nLudwigstra\u00dfe \n<\/p>\n\n&nbsp;\n\n&nbsp;\n\n<\/div>\n<\/div>\n<\/div>\n<div  class=\"col-sm-5 bg-image shadow-large-black revert-classes-holder\" style=\"background-image: url('https:\/\/ra-gerdfriedrich.de\/wp-content\/uploads\/2018\/07\/cropped-DSC_5405-e1534414347285.jpg');\" data-bg=\"image\"><\/div>\n<\/div>\n<\/div>\n<\/div><div  data-label=\"Cta\" data-id=\"cta--1\" data-export-id=\"cta-blue-section\" data-category=\"cta\" class=\"cta-blue-section content-section content-section-spacing-medium bg-color1 white-text\" id=\"cta-1\" style=\"background-image: none; background-color: rgb(255, 255, 255);\"><div  class=\"gridContainer\"> <div  class=\"row middle-xs\"><div  class=\"col-sm-8 space-bottom-xs\" data-type=\"column\">  <a class=\"button blue\" href=\"https:\/\/ra-gerdfriedrich.de?page_id=272\" target=\"_blank\" data-cp-link=\"1\" rel=\"noopener\">Datenschutz<\/a><a class=\"button blue\" href=\"https:\/\/ra-gerdfriedrich.de?page_id=259\" target=\"_blank\" data-cp-link=\"1\" rel=\"noopener\">Impressum<\/a><a class=\"link\" href=\"mailto:info@ra-gerdfriedrich.de\" target=\"_self\" data-cp-link=\"1\" rel=\"noopener\">                                   Email: info@RA-GerdFriedrich.de<\/a><\/div> <div  class=\"col-sm-4 end-sm\" data-type=\"column\"> <\/div> <\/div><\/div> <\/div>","protected":false},"excerpt":{"rendered":"<p>WIR SIND F\u00dcR SIE DA! &nbsp; . Telefon:&nbsp; 09161 \u2013 88 25 60Ihr Anliegen steht bei uns im Mittelpunkt. Fachgerechte Beratung und umfassende Betreuung sind selbstverst\u00e4ndlich \u2013 derzeit&nbsp;vorwiegend \u00fcber telefonischen Kontakt KONTAKTIEREN SIE UNS &nbsp; Scheuen Sie sich nicht, Kontakt mit uns aufzunehmen. Wir stehen Ihnen gerne zur Verf\u00fcgung. Mehr\u2026 Rechtsgebiete Wir helfen Ihnen in&hellip; <br \/> <a class=\"read-more\" href=\"https:\/\/ra-gerdfriedrich.de\/\">Weiterlesen<\/a><\/p>\n","protected":false},"author":1,"featured_media":0,"parent":0,"menu_order":0,"comment_status":"closed","ping_status":"closed","template":"page-templates\/homepage.php","meta":{"footnotes":""},"class_list":["post-18","page","type-page","status-publish","hentry"],"yoast_head":"<!-- This site is optimized with the Yoast SEO plugin v27.6 - https:\/\/yoast.com\/product\/yoast-seo-wordpress\/ -->\n<title>Startseite - Rechtsanwalt Friedrich<\/title>\n<meta name=\"description\" content=\"Rechtsanwalt Friedrich Startseite\" \/>\n<meta name=\"robots\" content=\"index, follow, max-snippet:-1, max-image-preview:large, max-video-preview:-1\" \/>\n<link rel=\"canonical\" href=\"https:\/\/ra-gerdfriedrich.de\/\" \/>\n<meta property=\"og:locale\" content=\"de_DE\" \/>\n<meta property=\"og:type\" content=\"article\" \/>\n<meta property=\"og:title\" content=\"Startseite - Rechtsanwalt Friedrich\" \/>\n<meta property=\"og:description\" content=\"Rechtsanwalt Friedrich Startseite\" \/>\n<meta property=\"og:url\" content=\"https:\/\/ra-gerdfriedrich.de\/\" \/>\n<meta property=\"og:site_name\" content=\"Rechtsanwalt Friedrich\" \/>\n<meta property=\"article:publisher\" content=\"https:\/\/www.facebook.com\/Rechtsanwalt-Friedrich-845289699003065\/\" \/>\n<meta property=\"article:modified_time\" content=\"2022-11-22T08:20:40+00:00\" \/>\n<meta property=\"og:image\" content=\"https:\/\/ra-gerdfriedrich.de\/wp-content\/uploads\/2018\/07\/cropped-book-bookcase-books-1166657-1.jpg\" \/>\n<meta name=\"twitter:card\" content=\"summary_large_image\" \/>\n<meta name=\"twitter:label1\" content=\"Gesch\u00e4tzte Lesezeit\" \/>\n\t<meta name=\"twitter:data1\" content=\"2\u00a0Minuten\" \/>\n<script type=\"application\/ld+json\" class=\"yoast-schema-graph\">{\"@context\":\"https:\\\/\\\/schema.org\",\"@graph\":[{\"@type\":\"WebPage\",\"@id\":\"https:\\\/\\\/ra-gerdfriedrich.de\\\/\",\"url\":\"https:\\\/\\\/ra-gerdfriedrich.de\\\/\",\"name\":\"Startseite - Rechtsanwalt Friedrich\",\"isPartOf\":{\"@id\":\"https:\\\/\\\/ra-gerdfriedrich.de\\\/#website\"},\"primaryImageOfPage\":{\"@id\":\"https:\\\/\\\/ra-gerdfriedrich.de\\\/#primaryimage\"},\"image\":{\"@id\":\"https:\\\/\\\/ra-gerdfriedrich.de\\\/#primaryimage\"},\"thumbnailUrl\":\"https:\\\/\\\/ra-gerdfriedrich.de\\\/wp-content\\\/uploads\\\/2018\\\/07\\\/cropped-book-bookcase-books-1166657-1.jpg\",\"datePublished\":\"2018-07-16T17:18:40+00:00\",\"dateModified\":\"2022-11-22T08:20:40+00:00\",\"description\":\"Rechtsanwalt Friedrich Startseite\",\"breadcrumb\":{\"@id\":\"https:\\\/\\\/ra-gerdfriedrich.de\\\/#breadcrumb\"},\"inLanguage\":\"de\",\"potentialAction\":[{\"@type\":\"ReadAction\",\"target\":[\"https:\\\/\\\/ra-gerdfriedrich.de\\\/\"]}]},{\"@type\":\"ImageObject\",\"inLanguage\":\"de\",\"@id\":\"https:\\\/\\\/ra-gerdfriedrich.de\\\/#primaryimage\",\"url\":\"https:\\\/\\\/ra-gerdfriedrich.de\\\/wp-content\\\/uploads\\\/2018\\\/07\\\/cropped-book-bookcase-books-1166657-1.jpg\",\"contentUrl\":\"https:\\\/\\\/ra-gerdfriedrich.de\\\/wp-content\\\/uploads\\\/2018\\\/07\\\/cropped-book-bookcase-books-1166657-1.jpg\",\"width\":6000,\"height\":1157},{\"@type\":\"BreadcrumbList\",\"@id\":\"https:\\\/\\\/ra-gerdfriedrich.de\\\/#breadcrumb\",\"itemListElement\":[{\"@type\":\"ListItem\",\"position\":1,\"name\":\"Startseite\",\"item\":\"https:\\\/\\\/ra-gerdfriedrich.de\\\/\"},{\"@type\":\"ListItem\",\"position\":2,\"name\":\"Startseite\"}]},{\"@type\":\"WebSite\",\"@id\":\"https:\\\/\\\/ra-gerdfriedrich.de\\\/#website\",\"url\":\"https:\\\/\\\/ra-gerdfriedrich.de\\\/\",\"name\":\"Rechtsanwalt Friedrich\",\"description\":\"professionelle und kompetente Beratung\",\"publisher\":{\"@id\":\"https:\\\/\\\/ra-gerdfriedrich.de\\\/#organization\"},\"potentialAction\":[{\"@type\":\"SearchAction\",\"target\":{\"@type\":\"EntryPoint\",\"urlTemplate\":\"https:\\\/\\\/ra-gerdfriedrich.de\\\/?s={search_term_string}\"},\"query-input\":{\"@type\":\"PropertyValueSpecification\",\"valueRequired\":true,\"valueName\":\"search_term_string\"}}],\"inLanguage\":\"de\"},{\"@type\":\"Organization\",\"@id\":\"https:\\\/\\\/ra-gerdfriedrich.de\\\/#organization\",\"name\":\"Rechtsanwalt Friedrich\",\"url\":\"https:\\\/\\\/ra-gerdfriedrich.de\\\/\",\"logo\":{\"@type\":\"ImageObject\",\"inLanguage\":\"de\",\"@id\":\"https:\\\/\\\/ra-gerdfriedrich.de\\\/#\\\/schema\\\/logo\\\/image\\\/\",\"url\":\"https:\\\/\\\/ra-gerdfriedrich.de\\\/wp-content\\\/uploads\\\/2018\\\/08\\\/N_PR_logo_Friedrich-Rechtsanwaltskanzlei-18-08-13.jpg\",\"contentUrl\":\"https:\\\/\\\/ra-gerdfriedrich.de\\\/wp-content\\\/uploads\\\/2018\\\/08\\\/N_PR_logo_Friedrich-Rechtsanwaltskanzlei-18-08-13.jpg\",\"width\":502,\"height\":206,\"caption\":\"Rechtsanwalt Friedrich\"},\"image\":{\"@id\":\"https:\\\/\\\/ra-gerdfriedrich.de\\\/#\\\/schema\\\/logo\\\/image\\\/\"},\"sameAs\":[\"https:\\\/\\\/www.facebook.com\\\/Rechtsanwalt-Friedrich-845289699003065\\\/\"]}]}<\/script>\n<!-- \/ Yoast SEO plugin. -->","yoast_head_json":{"title":"Startseite - Rechtsanwalt Friedrich","description":"Rechtsanwalt Friedrich Startseite","robots":{"index":"index","follow":"follow","max-snippet":"max-snippet:-1","max-image-preview":"max-image-preview:large","max-video-preview":"max-video-preview:-1"},"canonical":"https:\/\/ra-gerdfriedrich.de\/","og_locale":"de_DE","og_type":"article","og_title":"Startseite - Rechtsanwalt Friedrich","og_description":"Rechtsanwalt Friedrich Startseite","og_url":"https:\/\/ra-gerdfriedrich.de\/","og_site_name":"Rechtsanwalt Friedrich","article_publisher":"https:\/\/www.facebook.com\/Rechtsanwalt-Friedrich-845289699003065\/","article_modified_time":"2022-11-22T08:20:40+00:00","og_image":[{"url":"https:\/\/ra-gerdfriedrich.de\/wp-content\/uploads\/2018\/07\/cropped-book-bookcase-books-1166657-1.jpg","type":"","width":"","height":""}],"twitter_card":"summary_large_image","twitter_misc":{"Gesch\u00e4tzte Lesezeit":"2\u00a0Minuten"},"schema":{"@context":"https:\/\/schema.org","@graph":[{"@type":"WebPage","@id":"https:\/\/ra-gerdfriedrich.de\/","url":"https:\/\/ra-gerdfriedrich.de\/","name":"Startseite - Rechtsanwalt Friedrich","isPartOf":{"@id":"https:\/\/ra-gerdfriedrich.de\/#website"},"primaryImageOfPage":{"@id":"https:\/\/ra-gerdfriedrich.de\/#primaryimage"},"image":{"@id":"https:\/\/ra-gerdfriedrich.de\/#primaryimage"},"thumbnailUrl":"https:\/\/ra-gerdfriedrich.de\/wp-content\/uploads\/2018\/07\/cropped-book-bookcase-books-1166657-1.jpg","datePublished":"2018-07-16T17:18:40+00:00","dateModified":"2022-11-22T08:20:40+00:00","description":"Rechtsanwalt Friedrich Startseite","breadcrumb":{"@id":"https:\/\/ra-gerdfriedrich.de\/#breadcrumb"},"inLanguage":"de","potentialAction":[{"@type":"ReadAction","target":["https:\/\/ra-gerdfriedrich.de\/"]}]},{"@type":"ImageObject","inLanguage":"de","@id":"https:\/\/ra-gerdfriedrich.de\/#primaryimage","url":"https:\/\/ra-gerdfriedrich.de\/wp-content\/uploads\/2018\/07\/cropped-book-bookcase-books-1166657-1.jpg","contentUrl":"https:\/\/ra-gerdfriedrich.de\/wp-content\/uploads\/2018\/07\/cropped-book-bookcase-books-1166657-1.jpg","width":6000,"height":1157},{"@type":"BreadcrumbList","@id":"https:\/\/ra-gerdfriedrich.de\/#breadcrumb","itemListElement":[{"@type":"ListItem","position":1,"name":"Startseite","item":"https:\/\/ra-gerdfriedrich.de\/"},{"@type":"ListItem","position":2,"name":"Startseite"}]},{"@type":"WebSite","@id":"https:\/\/ra-gerdfriedrich.de\/#website","url":"https:\/\/ra-gerdfriedrich.de\/","name":"Rechtsanwalt Friedrich","description":"professionelle und kompetente Beratung","publisher":{"@id":"https:\/\/ra-gerdfriedrich.de\/#organization"},"potentialAction":[{"@type":"SearchAction","target":{"@type":"EntryPoint","urlTemplate":"https:\/\/ra-gerdfriedrich.de\/?s={search_term_string}"},"query-input":{"@type":"PropertyValueSpecification","valueRequired":true,"valueName":"search_term_string"}}],"inLanguage":"de"},{"@type":"Organization","@id":"https:\/\/ra-gerdfriedrich.de\/#organization","name":"Rechtsanwalt Friedrich","url":"https:\/\/ra-gerdfriedrich.de\/","logo":{"@type":"ImageObject","inLanguage":"de","@id":"https:\/\/ra-gerdfriedrich.de\/#\/schema\/logo\/image\/","url":"https:\/\/ra-gerdfriedrich.de\/wp-content\/uploads\/2018\/08\/N_PR_logo_Friedrich-Rechtsanwaltskanzlei-18-08-13.jpg","contentUrl":"https:\/\/ra-gerdfriedrich.de\/wp-content\/uploads\/2018\/08\/N_PR_logo_Friedrich-Rechtsanwaltskanzlei-18-08-13.jpg","width":502,"height":206,"caption":"Rechtsanwalt Friedrich"},"image":{"@id":"https:\/\/ra-gerdfriedrich.de\/#\/schema\/logo\/image\/"},"sameAs":["https:\/\/www.facebook.com\/Rechtsanwalt-Friedrich-845289699003065\/"]}]}},"_links":{"self":[{"href":"https:\/\/ra-gerdfriedrich.de\/index.php?rest_route=\/wp\/v2\/pages\/18","targetHints":{"allow":["GET"]}}],"collection":[{"href":"https:\/\/ra-gerdfriedrich.de\/index.php?rest_route=\/wp\/v2\/pages"}],"about":[{"href":"https:\/\/ra-gerdfriedrich.de\/index.php?rest_route=\/wp\/v2\/types\/page"}],"author":[{"embeddable":true,"href":"https:\/\/ra-gerdfriedrich.de\/index.php?rest_route=\/wp\/v2\/users\/1"}],"replies":[{"embeddable":true,"href":"https:\/\/ra-gerdfriedrich.de\/index.php?rest_route=%2Fwp%2Fv2%2Fcomments&post=18"}],"version-history":[{"count":145,"href":"https:\/\/ra-gerdfriedrich.de\/index.php?rest_route=\/wp\/v2\/pages\/18\/revisions"}],"predecessor-version":[{"id":495,"href":"https:\/\/ra-gerdfriedrich.de\/index.php?rest_route=\/wp\/v2\/pages\/18\/revisions\/495"}],"wp:attachment":[{"href":"https:\/\/ra-gerdfriedrich.de\/index.php?rest_route=%2Fwp%2Fv2%2Fmedia&parent=18"}],"curies":[{"name":"wp","href":"https:\/\/api.w.org\/{rel}","templated":true}]}}